{"id":96,"date":"2018-09-16T11:10:26","date_gmt":"2018-09-16T11:10:26","guid":{"rendered":"https:\/\/mimapa.euti.es\/?page_id=96"},"modified":"2019-09-20T08:46:51","modified_gmt":"2019-09-20T08:46:51","slug":"about","status":"publish","type":"page","link":"https:\/\/euti.es\/paternidad\/about\/","title":{"rendered":"acerca de"},"content":{"rendered":"\n<p style=\"text-align:left\">\u00a1Hola! Desde 2014 soy <strong>padre por delante de todo<\/strong>.<\/p>\n\n\n\n<div class=\"wp-block-image\"><figure class=\"aligncenter is-resized\"><img decoding=\"async\" loading=\"lazy\" src=\"https:\/\/euti.es\/paternidad\/wp-content\/uploads\/sites\/2\/2018\/09\/foto-perfil-2018-05.jpg\" alt=\"\" class=\"wp-image-147\" width=\"394\" height=\"394\" srcset=\"https:\/\/euti.es\/paternidad\/wp-content\/uploads\/sites\/2\/2018\/09\/foto-perfil-2018-05.jpg 1576w, https:\/\/euti.es\/paternidad\/wp-content\/uploads\/sites\/2\/2018\/09\/foto-perfil-2018-05-150x150.jpg 150w, https:\/\/euti.es\/paternidad\/wp-content\/uploads\/sites\/2\/2018\/09\/foto-perfil-2018-05-300x300.jpg 300w, https:\/\/euti.es\/paternidad\/wp-content\/uploads\/sites\/2\/2018\/09\/foto-perfil-2018-05-768x768.jpg 768w, https:\/\/euti.es\/paternidad\/wp-content\/uploads\/sites\/2\/2018\/09\/foto-perfil-2018-05-1024x1024.jpg 1024w, https:\/\/euti.es\/paternidad\/wp-content\/uploads\/sites\/2\/2018\/09\/foto-perfil-2018-05-750x750.jpg 750w\" sizes=\"(max-width: 394px) 100vw, 394px\" \/><\/figure><\/div>\n\n\n\n<p>Desde el primer d\u00eda de vida de mi hija sufr\u00ed la falta de informaci\u00f3n en los <strong>peque\u00f1os detalles<\/strong>. Aquellos temas que duraban poco o que no ten\u00edan mucha importancia, eran evitados de conversaciones y charlas formativas previas al parto. Y <strong>odio la incertidumbre<\/strong>. Es por eso que decid\u00ed escribir en este blog, para contar esas peque\u00f1as cosas que nadie cuenta.<\/p>\n\n\n\n<p>Si quieres saber m\u00e1s de m\u00ed o contactar conmigo puedes encontrar <a href=\"https:\/\/euti.es\/acerca-de\/\">m\u00e1s informaci\u00f3n en mi p\u00e1gina personal<\/a>.<\/p>\n","protected":false},"excerpt":{"rendered":"<p>\u00a1Hola! Desde 2014 soy padre por delante de todo. Desde el primer d\u00eda de vida de mi hija sufr\u00ed la falta de informaci\u00f3n en los peque\u00f1os detalles. Aquellos temas que duraban poco o que no ten\u00edan mucha importancia, eran evitados de conversaciones y charlas formativas previas al parto. Y odio la incertidumbre. Es por eso&hellip;&nbsp;<a href=\"https:\/\/euti.es\/paternidad\/about\/\" class=\"\" rel=\"bookmark\">Leer m\u00e1s &raquo;<span class=\"screen-reader-text\">acerca de<\/span><\/a><\/p>\n","protected":false},"author":1,"featured_media":0,"parent":0,"menu_order":0,"comment_status":"closed","ping_status":"closed","template":"","meta":{"_mi_skip_tracking":false,"neve_meta_sidebar":"","neve_meta_container":"","neve_meta_enable_content_width":"","neve_meta_content_width":70,"neve_meta_title_alignment":"","neve_meta_author_avatar":"","neve_post_elements_order":"","neve_meta_disable_header":"","neve_meta_disable_footer":"","neve_meta_disable_title":""},"_links":{"self":[{"href":"https:\/\/euti.es\/paternidad\/wp-json\/wp\/v2\/pages\/96"}],"collection":[{"href":"https:\/\/euti.es\/paternidad\/wp-json\/wp\/v2\/pages"}],"about":[{"href":"https:\/\/euti.es\/paternidad\/wp-json\/wp\/v2\/types\/page"}],"author":[{"embeddable":true,"href":"https:\/\/euti.es\/paternidad\/wp-json\/wp\/v2\/users\/1"}],"replies":[{"embeddable":true,"href":"https:\/\/euti.es\/paternidad\/wp-json\/wp\/v2\/comments?post=96"}],"version-history":[{"count":1,"href":"https:\/\/euti.es\/paternidad\/wp-json\/wp\/v2\/pages\/96\/revisions"}],"predecessor-version":[{"id":225,"href":"https:\/\/euti.es\/paternidad\/wp-json\/wp\/v2\/pages\/96\/revisions\/225"}],"wp:attachment":[{"href":"https:\/\/euti.es\/paternidad\/wp-json\/wp\/v2\/media?parent=96"}],"curies":[{"name":"wp","href":"https:\/\/api.w.org\/{rel}","templated":true}]}}